{"id":268,"date":"2010-02-23T23:01:58","date_gmt":"2010-02-23T21:01:58","guid":{"rendered":"http:\/\/zavie.free.fr\/lousodrome\/?page_id=268"},"modified":"2011-12-09T15:04:04","modified_gmt":"2011-12-09T15:04:04","slug":"a-propos","status":"publish","type":"page","link":"https:\/\/lousodrome.net\/blog\/a-propos\/","title":{"rendered":"\u00c0 propos"},"content":{"rendered":"<p>Bonjour,<\/p>\n<p>Merci \u00e0 vous de venir perdre un peu de votre temps ici. :-)<\/p>\n<p>Je m&rsquo;appelle Julien, et je publie ici occasionnellement quelques r\u00e9flexions. Le th\u00e8me de ce blog est ind\u00e9fini, et il n&rsquo;a pas de r\u00e9elle direction, m\u00eame s&rsquo;il tend \u00e0 s&rsquo;orienter vers des sujets techniques. Il devrait d&rsquo;ailleurs prochainement se concentrer sur l&rsquo;imagerie et la 3D.<\/p>\n<p>En attendant, je vous invite par exemple \u00e0 lire ma s\u00e9rie inachev\u00e9e sur les anecdotes de la science, qui tente de rassembler quelques anecdotes autour des personnes qui ont laiss\u00e9 leur nom dans l&rsquo;histoire de la science :<\/p>\n<ul>\n<li><a title=\"Anecdotes de la Science \u2013 Le petit Gauss\" href=\"\/blog\/2008\/05\/14\/anecdotes-de-la-science-le-petit-gauss\/\">Le petit Gauss<\/a><\/li>\n<li><a title=\"Anecdotes de la Science \u2013 Le dernier th\u00e9or\u00e8me de Fermat\" href=\"\/blog\/2008\/06\/06\/anecdotes-de-la-science-le-dernier-theoreme-de-fermat\/\">Le dernier th\u00e9or\u00e8me de Fermat<\/a><\/li>\n<li><a title=\"Anecdotes de la Science \u2013 Les conditions de Karush-Kuhn-Tucker\" href=\"\/blog\/2008\/07\/02\/anecdotes-de-la-science-les-conditions-de-karush-kuhn-tucker\/\">Les conditions de Karush-Kuhn-Tucker<\/a><\/li>\n<li><a title=\"Anecdotes de la Science \u2013 Les prix Nobel de Max von Laue et James Franck\" href=\"\/blog\/2008\/10\/01\/anecdotes-de-la-science-les-prix-nobel-de-max-von-laue-et-james-franck\/\">Les prix Nobel de Max von Laue et James Franck<\/a><\/li>\n<li><a title=\"Anecdotes de la Science \u2013 La tache de Poisson\" href=\"\/blog\/2008\/12\/04\/anecdotes-de-la-science-la-tache-de-poisson\/\">La tache de Poisson<\/a><\/li>\n<li><a title=\"Anecdotes de la Science \u2013 Chronologie des nombres premiers\" href=\"\/blog\/2009\/09\/01\/anecdotes-de-la-science-chronologie-des-nombres-premiers\/\">Chronologie des nombres premiers<\/a><\/li>\n<\/ul>\n","protected":false},"excerpt":{"rendered":"<p>Bonjour, Merci \u00e0 vous de venir perdre un peu de votre temps ici. :-) Je m&rsquo;appelle Julien, et je publie ici occasionnellement quelques r\u00e9flexions. Le th\u00e8me de ce blog est ind\u00e9fini, et il n&rsquo;a pas de r\u00e9elle direction, m\u00eame s&rsquo;il &hellip; <a href=\"https:\/\/lousodrome.net\/blog\/a-propos\/\">Continuer la lecture <span class=\"meta-nav\">&rarr;<\/span><\/a><\/p>\n","protected":false},"author":1,"featured_media":0,"parent":0,"menu_order":0,"comment_status":"open","ping_status":"open","template":"","meta":[],"yoast_head":"<!-- This site is optimized with the Yoast SEO plugin v20.13 - https:\/\/yoast.com\/wordpress\/plugins\/seo\/ -->\n<title>\u00c0 propos - Lousodrome<\/title>\n<meta name=\"robots\" content=\"index, follow, max-snippet:-1, max-image-preview:large, max-video-preview:-1\" \/>\n<link rel=\"canonical\" href=\"http:\/\/lousodrome.net\/blog\/a-propos\/\" \/>\n<meta property=\"og:locale\" content=\"fr_FR\" \/>\n<meta property=\"og:type\" content=\"article\" \/>\n<meta property=\"og:title\" content=\"\u00c0 propos - Lousodrome\" \/>\n<meta property=\"og:description\" content=\"Bonjour, Merci \u00e0 vous de venir perdre un peu de votre temps ici. :-) Je m&rsquo;appelle Julien, et je publie ici occasionnellement quelques r\u00e9flexions. Le th\u00e8me de ce blog est ind\u00e9fini, et il n&rsquo;a pas de r\u00e9elle direction, m\u00eame s&rsquo;il &hellip; Continuer la lecture &rarr;\" \/>\n<meta property=\"og:url\" content=\"http:\/\/lousodrome.net\/blog\/a-propos\/\" \/>\n<meta property=\"og:site_name\" content=\"Lousodrome\" \/>\n<meta property=\"article:modified_time\" content=\"2011-12-09T15:04:04+00:00\" \/>\n<meta name=\"twitter:card\" content=\"summary_large_image\" \/>\n<meta name=\"twitter:label1\" content=\"Dur\u00e9e de lecture estim\u00e9e\" \/>\n\t<meta name=\"twitter:data1\" content=\"1 minute\" \/>\n<script type=\"application\/ld+json\" class=\"yoast-schema-graph\">{\"@context\":\"https:\/\/schema.org\",\"@graph\":[{\"@type\":\"WebPage\",\"@id\":\"http:\/\/lousodrome.net\/blog\/a-propos\/\",\"url\":\"http:\/\/lousodrome.net\/blog\/a-propos\/\",\"name\":\"\u00c0 propos - Lousodrome\",\"isPartOf\":{\"@id\":\"https:\/\/lousodrome.net\/blog\/#website\"},\"datePublished\":\"2010-02-23T21:01:58+00:00\",\"dateModified\":\"2011-12-09T15:04:04+00:00\",\"breadcrumb\":{\"@id\":\"http:\/\/lousodrome.net\/blog\/a-propos\/#breadcrumb\"},\"inLanguage\":\"fr-FR\",\"potentialAction\":[{\"@type\":\"ReadAction\",\"target\":[\"http:\/\/lousodrome.net\/blog\/a-propos\/\"]}]},{\"@type\":\"BreadcrumbList\",\"@id\":\"http:\/\/lousodrome.net\/blog\/a-propos\/#breadcrumb\",\"itemListElement\":[{\"@type\":\"ListItem\",\"position\":1,\"name\":\"Home\",\"item\":\"https:\/\/lousodrome.net\/blog\/\"},{\"@type\":\"ListItem\",\"position\":2,\"name\":\"\u00c0 propos\"}]},{\"@type\":\"WebSite\",\"@id\":\"https:\/\/lousodrome.net\/blog\/#website\",\"url\":\"https:\/\/lousodrome.net\/blog\/\",\"name\":\"Lousodrome\",\"description\":\"La lose 2.0\",\"potentialAction\":[{\"@type\":\"SearchAction\",\"target\":{\"@type\":\"EntryPoint\",\"urlTemplate\":\"https:\/\/lousodrome.net\/blog\/?s={search_term_string}\"},\"query-input\":\"required name=search_term_string\"}],\"inLanguage\":\"fr-FR\"}]}<\/script>\n<!-- \/ Yoast SEO plugin. -->","yoast_head_json":{"title":"\u00c0 propos - Lousodrome","robots":{"index":"index","follow":"follow","max-snippet":"max-snippet:-1","max-image-preview":"max-image-preview:large","max-video-preview":"max-video-preview:-1"},"canonical":"http:\/\/lousodrome.net\/blog\/a-propos\/","og_locale":"fr_FR","og_type":"article","og_title":"\u00c0 propos - Lousodrome","og_description":"Bonjour, Merci \u00e0 vous de venir perdre un peu de votre temps ici. :-) Je m&rsquo;appelle Julien, et je publie ici occasionnellement quelques r\u00e9flexions. Le th\u00e8me de ce blog est ind\u00e9fini, et il n&rsquo;a pas de r\u00e9elle direction, m\u00eame s&rsquo;il &hellip; Continuer la lecture &rarr;","og_url":"http:\/\/lousodrome.net\/blog\/a-propos\/","og_site_name":"Lousodrome","article_modified_time":"2011-12-09T15:04:04+00:00","twitter_card":"summary_large_image","twitter_misc":{"Dur\u00e9e de lecture estim\u00e9e":"1 minute"},"schema":{"@context":"https:\/\/schema.org","@graph":[{"@type":"WebPage","@id":"http:\/\/lousodrome.net\/blog\/a-propos\/","url":"http:\/\/lousodrome.net\/blog\/a-propos\/","name":"\u00c0 propos - Lousodrome","isPartOf":{"@id":"https:\/\/lousodrome.net\/blog\/#website"},"datePublished":"2010-02-23T21:01:58+00:00","dateModified":"2011-12-09T15:04:04+00:00","breadcrumb":{"@id":"http:\/\/lousodrome.net\/blog\/a-propos\/#breadcrumb"},"inLanguage":"fr-FR","potentialAction":[{"@type":"ReadAction","target":["http:\/\/lousodrome.net\/blog\/a-propos\/"]}]},{"@type":"BreadcrumbList","@id":"http:\/\/lousodrome.net\/blog\/a-propos\/#breadcrumb","itemListElement":[{"@type":"ListItem","position":1,"name":"Home","item":"https:\/\/lousodrome.net\/blog\/"},{"@type":"ListItem","position":2,"name":"\u00c0 propos"}]},{"@type":"WebSite","@id":"https:\/\/lousodrome.net\/blog\/#website","url":"https:\/\/lousodrome.net\/blog\/","name":"Lousodrome","description":"La lose 2.0","potentialAction":[{"@type":"SearchAction","target":{"@type":"EntryPoint","urlTemplate":"https:\/\/lousodrome.net\/blog\/?s={search_term_string}"},"query-input":"required name=search_term_string"}],"inLanguage":"fr-FR"}]}},"_links":{"self":[{"href":"https:\/\/lousodrome.net\/blog\/wp-json\/wp\/v2\/pages\/268"}],"collection":[{"href":"https:\/\/lousodrome.net\/blog\/wp-json\/wp\/v2\/pages"}],"about":[{"href":"https:\/\/lousodrome.net\/blog\/wp-json\/wp\/v2\/types\/page"}],"author":[{"embeddable":true,"href":"https:\/\/lousodrome.net\/blog\/wp-json\/wp\/v2\/users\/1"}],"replies":[{"embeddable":true,"href":"https:\/\/lousodrome.net\/blog\/wp-json\/wp\/v2\/comments?post=268"}],"version-history":[{"count":0,"href":"https:\/\/lousodrome.net\/blog\/wp-json\/wp\/v2\/pages\/268\/revisions"}],"wp:attachment":[{"href":"https:\/\/lousodrome.net\/blog\/wp-json\/wp\/v2\/media?parent=268"}],"curies":[{"name":"wp","href":"https:\/\/api.w.org\/{rel}","templated":true}]}}